{"id":30,"date":"2017-07-03T14:49:26","date_gmt":"2017-07-03T12:49:26","guid":{"rendered":"http:\/\/fens.if.pw.edu.pl\/krab\/?page_id=30"},"modified":"2017-07-03T15:16:07","modified_gmt":"2017-07-03T13:16:07","slug":"kontakt","status":"publish","type":"page","link":"https:\/\/fens.org.pl\/krab\/kontakt\/","title":{"rendered":"Kontakt"},"content":{"rendered":"<p>Prof. Janusz Ho\u0142yst<br \/>\nPrezes Zarz\u0105du<br \/>\nKrajowej Rady Koordynator\u00f3w<br \/>\nProjekt\u00f3w Badawczych UE<\/p>\n<p>Wydzia\u0142 Fizyki<br \/>\nPolitechniki Warszawskiej<br \/>\nKoszykowa 75, 00-662 Warszawa<\/p>\n<p>Tel.: 022-2347133<br \/>\nFax.: 022-6282171<br \/>\nE-mail:\u00a0<a href=\"http:\/\/krab.fizyka.pw.edu.pl\/&amp;?PHPSESSID=ee84beefc81c47208fcac8c191b9afcc#109;ailto:krab@if.pw.edu.pl\">krab@if.pw.edu.pl<\/a><\/p>\n","protected":false},"excerpt":{"rendered":"<p>Prof. Janusz Ho\u0142yst Prezes Zarz\u0105du Krajowej Rady Koordynator\u00f3w Projekt\u00f3w Badawczych UE Wydzia\u0142 Fizyki Politechniki Warszawskiej Koszykowa 75, 00-662 Warszawa Tel.: 022-2347133 Fax.: 022-6282171 E-mail:\u00a0krab@if.pw.edu.pl<\/p>\n","protected":false},"author":1,"featured_media":0,"parent":0,"menu_order":0,"comment_status":"closed","ping_status":"closed","template":"","meta":[],"_links":{"self":[{"href":"https:\/\/fens.org.pl\/krab\/wp-json\/wp\/v2\/pages\/30"}],"collection":[{"href":"https:\/\/fens.org.pl\/krab\/wp-json\/wp\/v2\/pages"}],"about":[{"href":"https:\/\/fens.org.pl\/krab\/wp-json\/wp\/v2\/types\/page"}],"author":[{"embeddable":true,"href":"https:\/\/fens.org.pl\/krab\/wp-json\/wp\/v2\/users\/1"}],"replies":[{"embeddable":true,"href":"https:\/\/fens.org.pl\/krab\/wp-json\/wp\/v2\/comments?post=30"}],"version-history":[{"count":2,"href":"https:\/\/fens.org.pl\/krab\/wp-json\/wp\/v2\/pages\/30\/revisions"}],"predecessor-version":[{"id":83,"href":"https:\/\/fens.org.pl\/krab\/wp-json\/wp\/v2\/pages\/30\/revisions\/83"}],"wp:attachment":[{"href":"https:\/\/fens.org.pl\/krab\/wp-json\/wp\/v2\/media?parent=30"}],"curies":[{"name":"wp","href":"https:\/\/api.w.org\/{rel}","templated":true}]}}