{"id":26,"date":"2017-07-03T14:49:12","date_gmt":"2017-07-03T12:49:12","guid":{"rendered":"http:\/\/fens.if.pw.edu.pl\/krab\/?page_id=26"},"modified":"2017-07-03T15:48:08","modified_gmt":"2017-07-03T13:48:08","slug":"historia","status":"publish","type":"page","link":"https:\/\/fens.org.pl\/krab\/historia\/","title":{"rendered":"Historia"},"content":{"rendered":"<ul>\n<li><a href=\"http:\/\/krab.fizyka.pw.edu.pl\/program_03czerw_08.doc\">Program Zwyczajnego Walnego Zebrania Krajowej Rady Koordynator\u00f3w Projekt\u00f3w Badawczych UE (KRAB)\u00a0<\/a>(Spotkanie odby\u0142o si\u0119 03 czerwca 2008 r, godz.10.00-15.30, Politechnika Warszawska, Plac Politechniki 1, Gmach G\u0142\u00f3wny, sala nr 206.)<\/li>\n<\/ul>\n","protected":false},"excerpt":{"rendered":"<p>Program Zwyczajnego Walnego Zebrania Krajowej Rady Koordynator\u00f3w Projekt\u00f3w Badawczych UE (KRAB)\u00a0(Spotkanie odby\u0142o si\u0119 03 czerwca 2008 r, godz.10.00-15.30, Politechnika Warszawska, Plac Politechniki 1, Gmach G\u0142\u00f3wny, sala nr 206.)<\/p>\n","protected":false},"author":1,"featured_media":0,"parent":0,"menu_order":0,"comment_status":"closed","ping_status":"closed","template":"","meta":[],"_links":{"self":[{"href":"https:\/\/fens.org.pl\/krab\/wp-json\/wp\/v2\/pages\/26"}],"collection":[{"href":"https:\/\/fens.org.pl\/krab\/wp-json\/wp\/v2\/pages"}],"about":[{"href":"https:\/\/fens.org.pl\/krab\/wp-json\/wp\/v2\/types\/page"}],"author":[{"embeddable":true,"href":"https:\/\/fens.org.pl\/krab\/wp-json\/wp\/v2\/users\/1"}],"replies":[{"embeddable":true,"href":"https:\/\/fens.org.pl\/krab\/wp-json\/wp\/v2\/comments?post=26"}],"version-history":[{"count":2,"href":"https:\/\/fens.org.pl\/krab\/wp-json\/wp\/v2\/pages\/26\/revisions"}],"predecessor-version":[{"id":92,"href":"https:\/\/fens.org.pl\/krab\/wp-json\/wp\/v2\/pages\/26\/revisions\/92"}],"wp:attachment":[{"href":"https:\/\/fens.org.pl\/krab\/wp-json\/wp\/v2\/media?parent=26"}],"curies":[{"name":"wp","href":"https:\/\/api.w.org\/{rel}","templated":true}]}}