{"id":16,"date":"2017-07-03T14:48:12","date_gmt":"2017-07-03T12:48:12","guid":{"rendered":"http:\/\/fens.if.pw.edu.pl\/krab\/?page_id=16"},"modified":"2025-09-18T08:04:29","modified_gmt":"2025-09-18T08:04:29","slug":"zarzad","status":"publish","type":"page","link":"https:\/\/fens.org.pl\/krab\/zarzad\/","title":{"rendered":"Zarz\u0105d"},"content":{"rendered":"<ul>\n<li><strong>prof. dr hab. Janusz Ho\u0142yst<\/strong> (PW Wydzia\u0142 Fizyki, email: <a href=\"mailto:janusz.holyst@pw.edu.pl\">janusz.holyst@pw.edu.pl<\/a>) Prezes Zarz\u0105du<\/li>\n<li><strong>prof. dr hab. in\u017c. Andrzej Dziech<\/strong> (AGH, Katedra Telekomunikacji, email: <a href=\"mailto:dziech@kt.agh.edu.pl\">dziech@kt.agh.edu.pl<\/a>)<\/li>\n<li><strong>prof. dr hab. Jaros\u0142aw Horba\u0144czuk<\/strong> (IGHZ PAN, email: <a href=\"mailto:j.horbanczuk@ighz.pl\">j.horbanczuk@ighz.pl<\/a>)<\/li>\n<li><strong>dr in\u017c. \u0141ukasz Kapusta<\/strong> (PW, Wydzia\u0142 Mechaniczny Energetyki i Lotnictwa, email: <a href=\"mailto:lukasz.kapusta@pw.edu.pl\">lukasz.kapusta@pw.edu.pl<\/a>)<\/li>\n<li><strong>prof. dr hab. in\u017c. Przemys\u0142aw Kazienko<\/strong> (PWR Wydzia\u0142 Informatyki i Zarz\u0105dzania, email: <a href=\"mailto:przemyslaw.kazienko@pwr.edu.pl\">przemyslaw.kazienko@pwr.edu.pl<\/a>)<\/li>\n<li><strong>dr hab. in\u017c. Miko\u0142aj Leszczuk, prof. uczelni<\/strong> (AGH Wydzia\u0142 Informatyki, Elektroniki i Telekomunikacji, email: <a href=\"mailto:leszczuk@kt.agh.edu.pl\">leszczuk@kt.agh.edu.pl<\/a>)<\/li>\n<li><strong>dr hab. n. farm. Katarzyna Anna Kosicka Noworzy\u0144<\/strong> (UMP Wydzia\u0142 Farmaceutyczny, email: <a href=\"mailto:kasiakosicka@ump.edu.pl\">kasiakosicka@ump.edu.pl<\/a>)<\/li>\n<li><strong>mgr in\u017c. Tomasz Parko\u0142a<\/strong> (Instytut Chemii Organicznej PAN, Pozna\u0144skie Centrum Superkomuterowo-Sieciowe, email:\u00a0 <a href=\"mailto:tparkola@man.poznan.pl\">tparkola@man.poznan.pl<\/a>)<\/li>\n<li><strong>dr hab. Dorota Pawlak, prof. uczelni<\/strong> (Centrum Doskona\u0142o\u015bci ENSEMBLE3, email:\u00a0<a href=\"mailto:dorota.anna.pawlak@ensemble3.eu\">dorota.anna.pawlak@ensemble3.eu<\/a>)<\/li>\n<li><strong>prof. dr hab. in\u017c. Pawe\u0142 Sobkowicz<\/strong> (Narodowe Centrum Bada\u0144 J\u0105drowych, email: <a href=\"mailto:Pawel.Sobkowicz@ncbj.gov.pl\">Pawel.Sobkowicz@ncbj.gov.pl<\/a>)<\/li>\n<\/ul>\n","protected":false},"excerpt":{"rendered":"<p>prof. dr hab. Janusz Ho\u0142yst (PW Wydzia\u0142 Fizyki, email: janusz.holyst@pw.edu.pl) Prezes Zarz\u0105du prof. dr hab. in\u017c. Andrzej Dziech (AGH, Katedra Telekomunikacji, email: dziech@kt.agh.edu.pl) prof. dr hab. Jaros\u0142aw Horba\u0144czuk (IGHZ PAN, email: j.horbanczuk@ighz.pl) dr in\u017c. \u0141ukasz Kapusta (PW, Wydzia\u0142 Mechaniczny Energetyki i Lotnictwa, email: lukasz.kapusta@pw.edu.pl) prof. dr hab. in\u017c. Przemys\u0142aw Kazienko (PWR Wydzia\u0142 Informatyki i Zarz\u0105dzania, &#8230; <a title=\"Zarz\u0105d\" class=\"read-more\" href=\"https:\/\/fens.org.pl\/krab\/zarzad\/\" aria-label=\"More on Zarz\u0105d\">Read more<\/a><\/p>\n","protected":false},"author":1,"featured_media":0,"parent":0,"menu_order":0,"comment_status":"closed","ping_status":"closed","template":"","meta":[],"_links":{"self":[{"href":"https:\/\/fens.org.pl\/krab\/wp-json\/wp\/v2\/pages\/16"}],"collection":[{"href":"https:\/\/fens.org.pl\/krab\/wp-json\/wp\/v2\/pages"}],"about":[{"href":"https:\/\/fens.org.pl\/krab\/wp-json\/wp\/v2\/types\/page"}],"author":[{"embeddable":true,"href":"https:\/\/fens.org.pl\/krab\/wp-json\/wp\/v2\/users\/1"}],"replies":[{"embeddable":true,"href":"https:\/\/fens.org.pl\/krab\/wp-json\/wp\/v2\/comments?post=16"}],"version-history":[{"count":6,"href":"https:\/\/fens.org.pl\/krab\/wp-json\/wp\/v2\/pages\/16\/revisions"}],"predecessor-version":[{"id":221,"href":"https:\/\/fens.org.pl\/krab\/wp-json\/wp\/v2\/pages\/16\/revisions\/221"}],"wp:attachment":[{"href":"https:\/\/fens.org.pl\/krab\/wp-json\/wp\/v2\/media?parent=16"}],"curies":[{"name":"wp","href":"https:\/\/api.w.org\/{rel}","templated":true}]}}