{"id":14,"date":"2017-07-03T14:48:04","date_gmt":"2017-07-03T12:48:04","guid":{"rendered":"http:\/\/fens.if.pw.edu.pl\/krab\/?page_id=14"},"modified":"2019-07-05T17:15:58","modified_gmt":"2019-07-05T15:15:58","slug":"dokumenty","status":"publish","type":"page","link":"https:\/\/fens.org.pl\/krab\/dokumenty\/","title":{"rendered":"Dokumenty"},"content":{"rendered":"<ul>\n<li><a href=\"http:\/\/krab.fizyka.pw.edu.pl\/skan_krs.pdf\">Dokumenty Rejestracyjne Stowarzyszenia<\/a><\/li>\n<li><a href=\"http:\/\/fens.if.pw.edu.pl\/krab\/wp-content\/uploads\/sites\/7\/2019\/07\/Statut.doc\">Statut<\/a><\/li>\n<li><a href=\"http:\/\/krab.fizyka.pw.edu.pl\/Protokol%20Walnego%20Zgromadzenia%20KRAB%202008%20v.doc\">Protok\u00f3\u0142 Walnego Zgromadzenia KRAB 2008<\/a><\/li>\n<li><a href=\"http:\/\/krab.fizyka.pw.edu.pl\/Sprawozd08.doc\">Sprawozdanie Zarz\u0105du za okres 20 kwietnia 2007 &#8211; 03 czerwca 2008<\/a><\/li>\n<li><a href=\"http:\/\/krab.fizyka.pw.edu.pl\/Sprawozdanie_2009_%202010.doc\">Sprawozdanie Zarz\u0105du za okres 14 maja 2009 &#8211; 13 maja 2010<\/a><\/li>\n<\/ul>\n","protected":false},"excerpt":{"rendered":"<p>Dokumenty Rejestracyjne Stowarzyszenia Statut Protok\u00f3\u0142 Walnego Zgromadzenia KRAB 2008 Sprawozdanie Zarz\u0105du za okres 20 kwietnia 2007 &#8211; 03 czerwca 2008 Sprawozdanie Zarz\u0105du za okres 14 maja 2009 &#8211; 13 maja 2010<\/p>\n","protected":false},"author":1,"featured_media":0,"parent":0,"menu_order":0,"comment_status":"closed","ping_status":"closed","template":"","meta":[],"_links":{"self":[{"href":"https:\/\/fens.org.pl\/krab\/wp-json\/wp\/v2\/pages\/14"}],"collection":[{"href":"https:\/\/fens.org.pl\/krab\/wp-json\/wp\/v2\/pages"}],"about":[{"href":"https:\/\/fens.org.pl\/krab\/wp-json\/wp\/v2\/types\/page"}],"author":[{"embeddable":true,"href":"https:\/\/fens.org.pl\/krab\/wp-json\/wp\/v2\/users\/1"}],"replies":[{"embeddable":true,"href":"https:\/\/fens.org.pl\/krab\/wp-json\/wp\/v2\/comments?post=14"}],"version-history":[{"count":6,"href":"https:\/\/fens.org.pl\/krab\/wp-json\/wp\/v2\/pages\/14\/revisions"}],"predecessor-version":[{"id":167,"href":"https:\/\/fens.org.pl\/krab\/wp-json\/wp\/v2\/pages\/14\/revisions\/167"}],"wp:attachment":[{"href":"https:\/\/fens.org.pl\/krab\/wp-json\/wp\/v2\/media?parent=14"}],"curies":[{"name":"wp","href":"https:\/\/api.w.org\/{rel}","templated":true}]}}